{"id":1974,"date":"2023-03-07T08:32:18","date_gmt":"2023-03-07T11:32:18","guid":{"rendered":"http:\/\/www.concejo.losandes.cl\/?page_id=1974"},"modified":"2024-03-19T15:45:24","modified_gmt":"2024-03-19T18:45:24","slug":"asistencia-2024","status":"publish","type":"page","link":"http:\/\/www.concejo.losandes.cl\/index.php\/asistencia-2024\/","title":{"rendered":"ASISTENCIA 2024"},"content":{"rendered":"<div class='w3eden'>\n    <div class=''>\n\n        <form method=\"get\" class=\"\" data-container=\"#content_wpdm_package_1\" id=\"sc_form_wpdm_package_1\" style=\"margin-bottom: 15px\">\n    \n            <div class=\"card panel panel-default wpdm-shortcode-toolbar\">\n                <div class=\"card-body panel-body\">\n                    <div class=\"row\">\n                        <div class=\"col-lg-6 col-md-12\">\n                            <input type=\"search\" name=\"skw\" value=\"\" placeholder=\"Buscar palabra clave\u2026\" class=\"form-control\" \/>\n                        <\/div>\n                        <div class=\"col-lg-2 col-md-4\">\n                            <select name=\"orderby\" class=\"wpdm-custom-select custom-select\">\n                                <option value=\"date\" disabled=\"disabled\">Ordenar por:<\/option>\n                                <option value=\"date\" >Fecha de publicaci\u00f3n<\/option>\n                                <option value=\"title\" >T\u00edtulo<\/option>\n                                <option value=\"update_date\" >Fecha de actualizaci\u00f3n<\/option>\n                                <option value=\"downloads\" >Descargas<\/option>\n                                <option value=\"views\" >Visitas<\/option>\n                            <\/select>\n                        <\/div>\n                        <div class=\"col-lg-2 col-md-4\">\n                            <select name=\"order\" class=\"wpdm-custom-select custom-select\">\n                                <option value=\"desc\" disabled=\"disabled\">Orden:<\/option>\n                                <option value=\"desc\" >Descendente<\/option>\n                                <option value=\"asc\" >Ascendente<\/option>\n                            <\/select>\n                        <\/div>\n                        <div class=\"col-lg-2 col-md-4\">\n                            <button type=\"submit\" class=\"btn btn-secondary btn-block\">Aplicar el filtro<\/button>\n                        <\/div>\n                    <\/div>\n                <\/div>\n            <\/div>\n\n            <\/form>\n<div class=\"spacer mb-3 d-block clearfix\"><\/div>\n\n        <div id=\"content_wpdm_package_1\">\n            <div class='row'><div class='col-lg-12 col-md-6 col-12'><!-- WPDM Link Template: Default Template -->\n\n<div class=\"link-template-default card mb-2\">\n    <div class=\"card-body\">\n        <div class=\"media\">\n            <div class=\"mr-3 img-48\"><img decoding=\"async\" class=\"wpdm_icon\" alt=\"\u00cdcono\" src=\"http:\/\/www.concejo.losandes.cl\/wp-content\/plugins\/download-manager\/assets\/file-type-icons\/pdf.svg\" \/><\/div>\n            <div class=\"media-body\">\n                <h3 class=\"package-title\"><a href='http:\/\/www.concejo.losandes.cl\/index.php\/download\/certificado-asistencia-agosto-2024\/'>Certificado Asistencia agosto 2024<\/a><\/h3>\n                <div class=\"text-muted text-small\"><i class=\"fas fa-copy\"><\/i> 1 archivo(s) <i class=\"fas fa-hdd ml-3\"><\/i> 158.56 KB<\/div>\n            <\/div>\n            <div class=\"ml-3\">\n                <a class='wpdm-download-link download-on-click btn btn-primary '  rel='nofollow' href='#' data-downloadurl=\"http:\/\/www.concejo.losandes.cl\/index.php\/download\/certificado-asistencia-agosto-2024\/?wpdmdl=10084&refresh=69e72d9881d8a1776758168\">Descargar<\/a>\n            <\/div>\n        <\/div>\n    <\/div>\n<\/div>\n\n<\/div><div class='col-lg-12 col-md-6 col-12'><!-- WPDM Link Template: Default Template -->\n\n<div class=\"link-template-default card mb-2\">\n    <div class=\"card-body\">\n        <div class=\"media\">\n            <div class=\"mr-3 img-48\"><img decoding=\"async\" class=\"wpdm_icon\" alt=\"\u00cdcono\" src=\"http:\/\/www.concejo.losandes.cl\/wp-content\/plugins\/download-manager\/assets\/file-type-icons\/pdf.svg\" \/><\/div>\n            <div class=\"media-body\">\n                <h3 class=\"package-title\"><a href='http:\/\/www.concejo.losandes.cl\/index.php\/download\/certificado-asistencia-julio-2024\/'>Certificado Asistencia julio 2024<\/a><\/h3>\n                <div class=\"text-muted text-small\"><i class=\"fas fa-copy\"><\/i> 1 archivo(s) <i class=\"fas fa-hdd ml-3\"><\/i> 161.49 KB<\/div>\n            <\/div>\n            <div class=\"ml-3\">\n                <a class='wpdm-download-link download-on-click btn btn-primary '  rel='nofollow' href='#' data-downloadurl=\"http:\/\/www.concejo.losandes.cl\/index.php\/download\/certificado-asistencia-julio-2024\/?wpdmdl=10083&refresh=69e72d98d8f2d1776758168\">Descargar<\/a>\n            <\/div>\n        <\/div>\n    <\/div>\n<\/div>\n\n<\/div><div class='col-lg-12 col-md-6 col-12'><!-- WPDM Link Template: Default Template -->\n\n<div class=\"link-template-default card mb-2\">\n    <div class=\"card-body\">\n        <div class=\"media\">\n            <div class=\"mr-3 img-48\"><img decoding=\"async\" class=\"wpdm_icon\" alt=\"\u00cdcono\" src=\"http:\/\/www.concejo.losandes.cl\/wp-content\/plugins\/download-manager\/assets\/file-type-icons\/pdf.svg\" \/><\/div>\n            <div class=\"media-body\">\n                <h3 class=\"package-title\"><a href='http:\/\/www.concejo.losandes.cl\/index.php\/download\/certificado-asistencia-mes-de-junio\/'>Certificado Asistencia mes de junio<\/a><\/h3>\n                <div class=\"text-muted text-small\"><i class=\"fas fa-copy\"><\/i> 1 archivo(s) <i class=\"fas fa-hdd ml-3\"><\/i> 154.59 KB<\/div>\n            <\/div>\n            <div class=\"ml-3\">\n                <a class='wpdm-download-link download-on-click btn btn-primary '  rel='nofollow' href='#' data-downloadurl=\"http:\/\/www.concejo.losandes.cl\/index.php\/download\/certificado-asistencia-mes-de-junio\/?wpdmdl=10082&refresh=69e72d9939bce1776758169\">Descargar<\/a>\n            <\/div>\n        <\/div>\n    <\/div>\n<\/div>\n\n<\/div><div class='col-lg-12 col-md-6 col-12'><!-- WPDM Link Template: Default Template -->\n\n<div class=\"link-template-default card mb-2\">\n    <div class=\"card-body\">\n        <div class=\"media\">\n            <div class=\"mr-3 img-48\"><img decoding=\"async\" class=\"wpdm_icon\" alt=\"\u00cdcono\" src=\"http:\/\/www.concejo.losandes.cl\/wp-content\/plugins\/download-manager\/assets\/file-type-icons\/pdf.svg\" \/><\/div>\n            <div class=\"media-body\">\n                <h3 class=\"package-title\"><a href='http:\/\/www.concejo.losandes.cl\/index.php\/download\/certificado-asistencia-mes-de-mayo-2024\/'>Certificado Asistencia mes de mayo 2024<\/a><\/h3>\n                <div class=\"text-muted text-small\"><i class=\"fas fa-copy\"><\/i> 1 archivo(s) <i class=\"fas fa-hdd ml-3\"><\/i> 154.86 KB<\/div>\n            <\/div>\n            <div class=\"ml-3\">\n                <a class='wpdm-download-link download-on-click btn btn-primary '  rel='nofollow' href='#' data-downloadurl=\"http:\/\/www.concejo.losandes.cl\/index.php\/download\/certificado-asistencia-mes-de-mayo-2024\/?wpdmdl=10081&refresh=69e72d998cc331776758169\">Descargar<\/a>\n            <\/div>\n        <\/div>\n    <\/div>\n<\/div>\n\n<\/div><div class='col-lg-12 col-md-6 col-12'><!-- WPDM Link Template: Default Template -->\n\n<div class=\"link-template-default card mb-2\">\n    <div class=\"card-body\">\n        <div class=\"media\">\n            <div class=\"mr-3 img-48\"><img decoding=\"async\" class=\"wpdm_icon\" alt=\"\u00cdcono\" src=\"http:\/\/www.concejo.losandes.cl\/wp-content\/plugins\/download-manager\/assets\/file-type-icons\/pdf.svg\" \/><\/div>\n            <div class=\"media-body\">\n                <h3 class=\"package-title\"><a href='http:\/\/www.concejo.losandes.cl\/index.php\/download\/acuerdo-n-2199-sesion-ordinaria-331-07-08-2024\/'>ACUERDO N\u00b0 2199 SESI\u00d3N ORDINARIA 331 07\/08\/2024<\/a><\/h3>\n                <div class=\"text-muted text-small\"><i class=\"fas fa-copy\"><\/i> 1 archivo(s) <i class=\"fas fa-hdd ml-3\"><\/i> 168.96 KB<\/div>\n            <\/div>\n            <div class=\"ml-3\">\n                <a class='wpdm-download-link download-on-click btn btn-primary '  rel='nofollow' href='#' data-downloadurl=\"http:\/\/www.concejo.losandes.cl\/index.php\/download\/acuerdo-n-2199-sesion-ordinaria-331-07-08-2024\/?wpdmdl=10048&refresh=69e72d99de3de1776758169\">Descargar<\/a>\n            <\/div>\n        <\/div>\n    <\/div>\n<\/div>\n\n<\/div><div class='col-lg-12 col-md-6 col-12'><!-- WPDM Link Template: Default Template -->\n\n<div class=\"link-template-default card mb-2\">\n    <div class=\"card-body\">\n        <div class=\"media\">\n            <div class=\"mr-3 img-48\"><img decoding=\"async\" class=\"wpdm_icon\" alt=\"\u00cdcono\" src=\"http:\/\/www.concejo.losandes.cl\/wp-content\/plugins\/download-manager\/assets\/file-type-icons\/pdf.svg\" \/><\/div>\n            <div class=\"media-body\">\n                <h3 class=\"package-title\"><a href='http:\/\/www.concejo.losandes.cl\/index.php\/download\/asistencias-sesiones-de-consejo-mes-de-abril-2024\/'>ASISTENCIAS SESIONES DE CONSEJO MES DE ABRIL 2024<\/a><\/h3>\n                <div class=\"text-muted text-small\"><i class=\"fas fa-copy\"><\/i> 1 archivo(s) <i class=\"fas fa-hdd ml-3\"><\/i> 177.11 KB<\/div>\n            <\/div>\n            <div class=\"ml-3\">\n                <a class='wpdm-download-link download-on-click btn btn-primary '  rel='nofollow' href='#' data-downloadurl=\"http:\/\/www.concejo.losandes.cl\/index.php\/download\/asistencias-sesiones-de-consejo-mes-de-abril-2024\/?wpdmdl=10036&refresh=69e72d9a3c3311776758170\">Descargar<\/a>\n            <\/div>\n        <\/div>\n    <\/div>\n<\/div>\n\n<\/div><div class='col-lg-12 col-md-6 col-12'><!-- WPDM Link Template: Default Template -->\n\n<div class=\"link-template-default card mb-2\">\n    <div class=\"card-body\">\n        <div class=\"media\">\n            <div class=\"mr-3 img-48\"><img decoding=\"async\" class=\"wpdm_icon\" alt=\"\u00cdcono\" src=\"http:\/\/www.concejo.losandes.cl\/wp-content\/plugins\/download-manager\/assets\/file-type-icons\/pdf.svg\" \/><\/div>\n            <div class=\"media-body\">\n                <h3 class=\"package-title\"><a href='http:\/\/www.concejo.losandes.cl\/index.php\/download\/asistencia-sesiones-del-concejo-mes-de-marzo-2024\/'>ASISTENCIA SESIONES DEL CONCEJO MES DE MARZO 2024<\/a><\/h3>\n                <div class=\"text-muted text-small\"><i class=\"fas fa-copy\"><\/i> 1 archivo(s) <i class=\"fas fa-hdd ml-3\"><\/i> 168.97 KB<\/div>\n            <\/div>\n            <div class=\"ml-3\">\n                <a class='wpdm-download-link download-on-click btn btn-primary '  rel='nofollow' href='#' data-downloadurl=\"http:\/\/www.concejo.losandes.cl\/index.php\/download\/asistencia-sesiones-del-concejo-mes-de-marzo-2024\/?wpdmdl=10035&refresh=69e72d9a8f09a1776758170\">Descargar<\/a>\n            <\/div>\n        <\/div>\n    <\/div>\n<\/div>\n\n<\/div><div class='col-lg-12 col-md-6 col-12'><!-- WPDM Link Template: Default Template -->\n\n<div class=\"link-template-default card mb-2\">\n    <div class=\"card-body\">\n        <div class=\"media\">\n            <div class=\"mr-3 img-48\"><img decoding=\"async\" class=\"wpdm_icon\" alt=\"\u00cdcono\" src=\"http:\/\/www.concejo.losandes.cl\/wp-content\/plugins\/download-manager\/assets\/file-type-icons\/pdf.svg\" \/><\/div>\n            <div class=\"media-body\">\n                <h3 class=\"package-title\"><a href='http:\/\/www.concejo.losandes.cl\/index.php\/download\/asistencia-sesiones-de-concejo-mes-de-febrero-2024\/'>ASISTENCIA SESI\u00d3NES DE CONCEJO MES DE FEBRERO 2024<\/a><\/h3>\n                <div class=\"text-muted text-small\"><i class=\"fas fa-copy\"><\/i> 1 archivo(s) <i class=\"fas fa-hdd ml-3\"><\/i> 175.50 KB<\/div>\n            <\/div>\n            <div class=\"ml-3\">\n                <a class='wpdm-download-link download-on-click btn btn-primary '  rel='nofollow' href='#' data-downloadurl=\"http:\/\/www.concejo.losandes.cl\/index.php\/download\/asistencia-sesiones-de-concejo-mes-de-febrero-2024\/?wpdmdl=10034&refresh=69e72d9ae21031776758170\">Descargar<\/a>\n            <\/div>\n        <\/div>\n    <\/div>\n<\/div>\n\n<\/div><div class='col-lg-12 col-md-6 col-12'><!-- WPDM Link Template: Default Template -->\n\n<div class=\"link-template-default card mb-2\">\n    <div class=\"card-body\">\n        <div class=\"media\">\n            <div class=\"mr-3 img-48\"><img decoding=\"async\" class=\"wpdm_icon\" alt=\"\u00cdcono\" src=\"http:\/\/www.concejo.losandes.cl\/wp-content\/plugins\/download-manager\/assets\/file-type-icons\/pdf.svg\" \/><\/div>\n            <div class=\"media-body\">\n                <h3 class=\"package-title\"><a href='http:\/\/www.concejo.losandes.cl\/index.php\/download\/asistencia-sesiones-de-concejo-municipal-enero-2024\/'>ASISTENCIA SESIONES DE CONCEJO MUNICIPAL ENERO 2024<\/a><\/h3>\n                <div class=\"text-muted text-small\"><i class=\"fas fa-copy\"><\/i> 1 archivo(s) <i class=\"fas fa-hdd ml-3\"><\/i> 190.96 KB<\/div>\n            <\/div>\n            <div class=\"ml-3\">\n                <a class='wpdm-download-link download-on-click btn btn-primary '  rel='nofollow' href='#' data-downloadurl=\"http:\/\/www.concejo.losandes.cl\/index.php\/download\/asistencia-sesiones-de-concejo-municipal-enero-2024\/?wpdmdl=10033&refresh=69e72d9b417961776758171\">Descargar<\/a>\n            <\/div>\n        <\/div>\n    <\/div>\n<\/div>\n\n<\/div><\/div>            <div style='clear:both'><\/div><div class='text-center'><ul class='pagination wpdm-pagination pagination-centered text-center'><\/ul><\/div><div style='clear:both'><\/div>        <\/div>\n\n        <div style='clear:both'><\/div>\n    <\/div>\n<\/div>\n\n","protected":false},"excerpt":{"rendered":"Ordenar por: Fecha de publicaci\u00f3n T\u00edtulo Fecha de actualizaci\u00f3n Descargas Visitas Orden: Descendente Ascendente Aplicar el filtro Certificado Asistencia agosto 2024 1 archivo(s) 158.56 KB Descargar Certificado Asistencia julio 2024 1 archivo(s) 161.49 KB Descargar Certificado Asistencia mes de junio 1 archivo(s) 154.59 KB Descargar Certificado Asistencia mes de mayo 2024 1 archivo(s) 154.86 KB [...]","protected":false},"author":1,"featured_media":0,"parent":0,"menu_order":0,"comment_status":"closed","ping_status":"closed","template":"","meta":{"footnotes":""},"class_list":["post-1974","page","type-page","status-publish","hentry"],"_links":{"self":[{"href":"http:\/\/www.concejo.losandes.cl\/index.php\/wp-json\/wp\/v2\/pages\/1974","targetHints":{"allow":["GET"]}}],"collection":[{"href":"http:\/\/www.concejo.losandes.cl\/index.php\/wp-json\/wp\/v2\/pages"}],"about":[{"href":"http:\/\/www.concejo.losandes.cl\/index.php\/wp-json\/wp\/v2\/types\/page"}],"author":[{"embeddable":true,"href":"http:\/\/www.concejo.losandes.cl\/index.php\/wp-json\/wp\/v2\/users\/1"}],"replies":[{"embeddable":true,"href":"http:\/\/www.concejo.losandes.cl\/index.php\/wp-json\/wp\/v2\/comments?post=1974"}],"version-history":[{"count":3,"href":"http:\/\/www.concejo.losandes.cl\/index.php\/wp-json\/wp\/v2\/pages\/1974\/revisions"}],"predecessor-version":[{"id":2467,"href":"http:\/\/www.concejo.losandes.cl\/index.php\/wp-json\/wp\/v2\/pages\/1974\/revisions\/2467"}],"wp:attachment":[{"href":"http:\/\/www.concejo.losandes.cl\/index.php\/wp-json\/wp\/v2\/media?parent=1974"}],"curies":[{"name":"wp","href":"https:\/\/api.w.org\/{rel}","templated":true}]}}