{"id":1949,"date":"2023-03-06T20:20:23","date_gmt":"2023-03-06T23:20:23","guid":{"rendered":"http:\/\/www.concejo.losandes.cl\/?page_id=1949"},"modified":"2023-03-06T20:37:29","modified_gmt":"2023-03-06T23:37:29","slug":"acuerdo-2021","status":"publish","type":"page","link":"http:\/\/www.concejo.losandes.cl\/index.php\/acuerdo-2021\/","title":{"rendered":"Acuerdo 2021"},"content":{"rendered":"<div class='w3eden'>\n    <div class=''>\n\n        <form method=\"get\" class=\"\" data-container=\"#content_wpdm_package_1\" id=\"sc_form_wpdm_package_1\" style=\"margin-bottom: 15px\">\n    \n            <div class=\"card panel panel-default wpdm-shortcode-toolbar\">\n                <div class=\"card-body panel-body\">\n                    <div class=\"row\">\n                        <div class=\"col-lg-6 col-md-12\">\n                            <input type=\"search\" name=\"skw\" value=\"\" placeholder=\"Buscar palabra clave\u2026\" class=\"form-control\" \/>\n                        <\/div>\n                        <div class=\"col-lg-2 col-md-4\">\n                            <select name=\"orderby\" class=\"wpdm-custom-select custom-select\">\n                                <option value=\"date\" disabled=\"disabled\">Ordenar por:<\/option>\n                                <option value=\"date\" >Fecha de publicaci\u00f3n<\/option>\n                                <option value=\"title\" >T\u00edtulo<\/option>\n                                <option value=\"update_date\" >Fecha de actualizaci\u00f3n<\/option>\n                                <option value=\"downloads\" >Descargas<\/option>\n                                <option value=\"views\" >Visitas<\/option>\n                            <\/select>\n                        <\/div>\n                        <div class=\"col-lg-2 col-md-4\">\n                            <select name=\"order\" class=\"wpdm-custom-select custom-select\">\n                                <option value=\"desc\" disabled=\"disabled\">Orden:<\/option>\n                                <option value=\"desc\" >Descendente<\/option>\n                                <option value=\"asc\" >Ascendente<\/option>\n                            <\/select>\n                        <\/div>\n                        <div class=\"col-lg-2 col-md-4\">\n                            <button type=\"submit\" class=\"btn btn-secondary btn-block\">Aplicar el filtro<\/button>\n                        <\/div>\n                    <\/div>\n                <\/div>\n            <\/div>\n\n            <\/form>\n<div class=\"spacer mb-3 d-block clearfix\"><\/div>\n\n        <div id=\"content_wpdm_package_1\">\n            <div class='row'><\/div>            <div style='clear:both'><\/div><div class='text-center'><ul class='pagination wpdm-pagination pagination-centered text-center'><\/ul><\/div><div style='clear:both'><\/div>        <\/div>\n\n        <div style='clear:both'><\/div>\n    <\/div>\n<\/div>\n\n","protected":false},"excerpt":{"rendered":"Ordenar por: Fecha de publicaci\u00f3n T\u00edtulo Fecha de actualizaci\u00f3n Descargas Visitas Orden: Descendente Ascendente Aplicar el filtro","protected":false},"author":1,"featured_media":0,"parent":0,"menu_order":0,"comment_status":"closed","ping_status":"closed","template":"","meta":{"footnotes":""},"class_list":["post-1949","page","type-page","status-publish","hentry"],"_links":{"self":[{"href":"http:\/\/www.concejo.losandes.cl\/index.php\/wp-json\/wp\/v2\/pages\/1949","targetHints":{"allow":["GET"]}}],"collection":[{"href":"http:\/\/www.concejo.losandes.cl\/index.php\/wp-json\/wp\/v2\/pages"}],"about":[{"href":"http:\/\/www.concejo.losandes.cl\/index.php\/wp-json\/wp\/v2\/types\/page"}],"author":[{"embeddable":true,"href":"http:\/\/www.concejo.losandes.cl\/index.php\/wp-json\/wp\/v2\/users\/1"}],"replies":[{"embeddable":true,"href":"http:\/\/www.concejo.losandes.cl\/index.php\/wp-json\/wp\/v2\/comments?post=1949"}],"version-history":[{"count":1,"href":"http:\/\/www.concejo.losandes.cl\/index.php\/wp-json\/wp\/v2\/pages\/1949\/revisions"}],"predecessor-version":[{"id":1950,"href":"http:\/\/www.concejo.losandes.cl\/index.php\/wp-json\/wp\/v2\/pages\/1949\/revisions\/1950"}],"wp:attachment":[{"href":"http:\/\/www.concejo.losandes.cl\/index.php\/wp-json\/wp\/v2\/media?parent=1949"}],"curies":[{"name":"wp","href":"https:\/\/api.w.org\/{rel}","templated":true}]}}